{"id":7,"date":"2019-06-20T08:39:28","date_gmt":"2019-06-20T06:39:28","guid":{"rendered":"http:\/\/wordpress.euranhelluntaiseurakunta.fi\/?page_id=7"},"modified":"2026-05-13T07:40:47","modified_gmt":"2026-05-13T04:40:47","slug":"euran-helluntaiseurakunta","status":"publish","type":"page","link":"https:\/\/euranhelluntaiseurakunta.fi\/","title":{"rendered":"Euran helluntaiseurakunta"},"content":{"rendered":"\n<p class=\"has-text-align-center\">Olemme Eurassa toimiva kristittyjen yhteinen kotiseurakunta. <\/p>\n\n\n\n<p class=\"has-text-align-center\">Meid\u00e4n seurakuntael\u00e4m\u00e4mme peruspilarit ovat&nbsp;<\/p>\n\n\n\n<p class=\"has-text-align-center\"><strong>keskin\u00e4inen rakkaus<\/strong>, <strong>Raamatun<\/strong> <strong>opetus<\/strong>,&nbsp;<strong>uskovien yhteys<\/strong>&nbsp;ja&nbsp;<strong>rukous<\/strong>. <\/p>\n\n\n\n<p class=\"has-text-align-center\">N\u00e4it\u00e4 me toteutamme kokoontumalla yhteen sek\u00e4 kodeissa ett\u00e4 rukoushuoneella <\/p>\n\n\n\n<p class=\"has-text-align-center\"> sek\u00e4 vierailemalla kouluissa, palvelutaloissa ja hoitolaitoksissa.<\/p>\n\n\n\n<p class=\"has-text-align-center\">Olet tervetullut mukaan &#8211; l\u00f6yd\u00e4 oma paikkasi Jumalan perheess\u00e4!<\/p>\n\n\n\n<p><mark style=\"background-color:rgba(0, 0, 0, 0)\" class=\"has-inline-color has-vivid-purple-color\">______________________________________________________________________<\/mark><\/p>\n\n\n\n<figure class=\"wp-block-image size-full\"><img loading=\"lazy\" decoding=\"async\" width=\"544\" height=\"1308\" src=\"https:\/\/euranhelluntaiseurakunta.fi\/wp-content\/uploads\/2026\/04\/2026-04-26-hyvantekevaisyyskonsertti.png\" alt=\"\" class=\"wp-image-1388\" srcset=\"https:\/\/euranhelluntaiseurakunta.fi\/wp-content\/uploads\/2026\/04\/2026-04-26-hyvantekevaisyyskonsertti.png 544w, https:\/\/euranhelluntaiseurakunta.fi\/wp-content\/uploads\/2026\/04\/2026-04-26-hyvantekevaisyyskonsertti-295x710.png 295w, https:\/\/euranhelluntaiseurakunta.fi\/wp-content\/uploads\/2026\/04\/2026-04-26-hyvantekevaisyyskonsertti-48x116.png 48w\" sizes=\"auto, (max-width: 544px) 100vw, 544px\" \/><\/figure>\n\n\n\n<p><mark style=\"background-color:rgba(0, 0, 0, 0)\" class=\"has-inline-color has-vivid-purple-color\">___________________________________________________________________<\/mark><\/p>\n\n\n\n<p><strong>Agape Intia <\/strong>\/ <strong>Jacob Marineni<\/strong> vieraili Euran helluntaiseurakunnassa sunnuntaina <strong>27.4.2025<\/strong>. <\/p>\n\n\n\n<p>Saimme kuulla innostavia Intian ty\u00f6n kuulumisia! Vainojen ja kaiken painostuksen keskell\u00e4 Jeesus pit\u00e4\u00e4 huolta omasta seurakunnastaan ja mahdollistaa ihmeellisi\u00e4 asioita. Sosiaalinen ty\u00f6 orpolasten, sairaanhoidon, vanhusty\u00f6n ja leprasairaiden parissa on todella laaja-alaista ja merkitt\u00e4v\u00e4\u00e4. Alla olevassa kuvassa on veli Jacob perheineen.<\/p>\n\n\n\n<figure class=\"wp-block-image size-full is-resized\"><img loading=\"lazy\" decoding=\"async\" width=\"1248\" height=\"846\" src=\"https:\/\/euranhelluntaiseurakunta.fi\/wp-content\/uploads\/2025\/07\/2025-03-25-Jacob-Marineni.jpg\" alt=\"\" class=\"wp-image-1169\" style=\"aspect-ratio:1.475193859189997;width:366px;height:auto\" srcset=\"https:\/\/euranhelluntaiseurakunta.fi\/wp-content\/uploads\/2025\/07\/2025-03-25-Jacob-Marineni.jpg 1248w, https:\/\/euranhelluntaiseurakunta.fi\/wp-content\/uploads\/2025\/07\/2025-03-25-Jacob-Marineni-710x481.jpg 710w, https:\/\/euranhelluntaiseurakunta.fi\/wp-content\/uploads\/2025\/07\/2025-03-25-Jacob-Marineni-768x521.jpg 768w, https:\/\/euranhelluntaiseurakunta.fi\/wp-content\/uploads\/2025\/07\/2025-03-25-Jacob-Marineni-171x116.jpg 171w\" sizes=\"auto, (max-width: 1248px) 100vw, 1248px\" \/><\/figure>\n\n\n\n<p><strong>Agape Intian ry<\/strong> on lopettanut toimintansa kev\u00e4\u00e4ll\u00e4 2025 ja ty\u00f6 on siirtynyt <strong>Hope to India ry<\/strong>:n yhteyteen:<\/p>\n\n\n\n<p><em>Hope to India ry (toiminut vuodesta 2012)<br><a href=\"https:\/\/www.hopetoindia.com\/\">www.hopetoindia.com<\/a><br>yhteyshenkil\u00f6: Kari Salin<br>Lukkarintie 15, 37800 Akaa<br>puh. +358 45 136 5257<br><a href=\"mailto:hopetoindia@gmail.com\">hopetoindia@gmail.com<\/a><\/em><\/p>\n\n\n\n<p><mark style=\"background-color:rgba(0, 0, 0, 0)\" class=\"has-inline-color has-vivid-purple-color\">___________________________________________________________________________________<\/mark><\/p>\n\n\n\n<figure class=\"wp-block-image size-large is-resized\"><img loading=\"lazy\" decoding=\"async\" width=\"2048\" height=\"1152\" src=\"https:\/\/euranhelluntaiseurakunta.fi\/wp-content\/uploads\/2025\/07\/2025-04-30_vappuaatto_seurakunnassa-2048x1152.jpg\" alt=\"\" class=\"wp-image-1171\" style=\"width:422px;height:auto\" srcset=\"https:\/\/euranhelluntaiseurakunta.fi\/wp-content\/uploads\/2025\/07\/2025-04-30_vappuaatto_seurakunnassa-2048x1152.jpg 2048w, https:\/\/euranhelluntaiseurakunta.fi\/wp-content\/uploads\/2025\/07\/2025-04-30_vappuaatto_seurakunnassa-710x399.jpg 710w, https:\/\/euranhelluntaiseurakunta.fi\/wp-content\/uploads\/2025\/07\/2025-04-30_vappuaatto_seurakunnassa-768x432.jpg 768w, https:\/\/euranhelluntaiseurakunta.fi\/wp-content\/uploads\/2025\/07\/2025-04-30_vappuaatto_seurakunnassa-1536x864.jpg 1536w, https:\/\/euranhelluntaiseurakunta.fi\/wp-content\/uploads\/2025\/07\/2025-04-30_vappuaatto_seurakunnassa-206x116.jpg 206w\" sizes=\"auto, (max-width: 2048px) 100vw, 2048px\" \/><figcaption class=\"wp-element-caption\">Vappu 2025<\/figcaption><\/figure>\n\n\n\n<p>J\u00e4rjest\u00e4mme tapahtumia erityisten p\u00e4ivien tiimoilta seurakuntalaisille ja yst\u00e4ville. Yll\u00e4 on vapputapahtuman tarjoilua. <\/p>\n\n\n\n<hr class=\"wp-block-separator has-css-opacity\"\/>\n\n\n\n<p>Noudatamme Raamatun opetuksia kaikessa toiminnassamme:<\/p>\n\n\n\n<p>Raamattu on <strong>Jumalan Sana<\/strong>. Voimme t\u00e4ydellisesti luottaa Raamatun ilmoitukseen. Raamattu on erikoinen ja ainutlaatuinen kirja &#8211; se on muuttanut miljoonien ihmisten el\u00e4m\u00e4n ja antanut toivoa vaikeuksien keskell\u00e4. Raamatun opetukset antavat kest\u00e4v\u00e4n perustan ihmisten v\u00e4liselle kanssak\u00e4ymiselle: keskin\u00e4inen kunnioitus ja arvostus.<\/p>\n\n\n\n<p>Raamattuun luottaminen on tietysti uskon asia; samoin on uskon asia uskoa, ettei Jumalaa ole tai usko, ettei H\u00e4nest\u00e4 voidaan mit\u00e4\u00e4n tiet\u00e4\u00e4. <strong>Jeesus <\/strong>sanoo, ett\u00e4 jos joku uskoo Jumalaan, tulee h\u00e4n tuntemaan, onko t\u00e4m\u00e4 oppi Jumalasta. Uskomalla Jeesukseen saa todistuksen Jumalan olemassa olosta!<\/p>\n\n\n\n<p><strong><mark style=\"background-color:rgba(0, 0, 0, 0)\" class=\"has-inline-color has-vivid-red-color\"><s>__________________________________________________________________________________________________________<\/s><\/mark><\/strong><\/p>\n","protected":false},"excerpt":{"rendered":"<p>Olemme Eurassa toimiva kristittyjen yhteinen kotiseurakunta. Meid\u00e4n seurakuntael\u00e4m\u00e4mme peruspilarit ovat&nbsp; keskin\u00e4inen rakkaus, Raamatun opetus,&nbsp;uskovien yhteys&nbsp;ja&nbsp;rukous. N\u00e4it\u00e4 me toteutamme kokoontumalla yhteen sek\u00e4 kodeissa ett\u00e4 rukoushuoneella sek\u00e4 vierailemalla kouluissa, palvelutaloissa ja hoitolaitoksissa. Olet tervetullut mukaan &#8211; l\u00f6yd\u00e4 oma paikkasi Jumalan perheess\u00e4! ______________________________________________________________________ ___________________________________________________________________ Agape Intia \/ Jacob Marineni vieraili Euran helluntaiseurakunnassa sunnuntaina 27.4.2025. Saimme kuulla innostavia Intian [&hellip;]<\/p>\n","protected":false},"author":1,"featured_media":59,"parent":0,"menu_order":0,"comment_status":"closed","ping_status":"closed","template":"","meta":{"footnotes":""},"class_list":["post-7","page","type-page","status-publish","has-post-thumbnail","hentry"],"_links":{"self":[{"href":"https:\/\/euranhelluntaiseurakunta.fi\/index.php?rest_route=\/wp\/v2\/pages\/7","targetHints":{"allow":["GET"]}}],"collection":[{"href":"https:\/\/euranhelluntaiseurakunta.fi\/index.php?rest_route=\/wp\/v2\/pages"}],"about":[{"href":"https:\/\/euranhelluntaiseurakunta.fi\/index.php?rest_route=\/wp\/v2\/types\/page"}],"author":[{"embeddable":true,"href":"https:\/\/euranhelluntaiseurakunta.fi\/index.php?rest_route=\/wp\/v2\/users\/1"}],"replies":[{"embeddable":true,"href":"https:\/\/euranhelluntaiseurakunta.fi\/index.php?rest_route=%2Fwp%2Fv2%2Fcomments&post=7"}],"version-history":[{"count":75,"href":"https:\/\/euranhelluntaiseurakunta.fi\/index.php?rest_route=\/wp\/v2\/pages\/7\/revisions"}],"predecessor-version":[{"id":1445,"href":"https:\/\/euranhelluntaiseurakunta.fi\/index.php?rest_route=\/wp\/v2\/pages\/7\/revisions\/1445"}],"wp:featuredmedia":[{"embeddable":true,"href":"https:\/\/euranhelluntaiseurakunta.fi\/index.php?rest_route=\/wp\/v2\/media\/59"}],"wp:attachment":[{"href":"https:\/\/euranhelluntaiseurakunta.fi\/index.php?rest_route=%2Fwp%2Fv2%2Fmedia&parent=7"}],"curies":[{"name":"wp","href":"https:\/\/api.w.org\/{rel}","templated":true}]}}