{"id":402,"date":"2022-06-03T10:06:22","date_gmt":"2022-06-03T07:06:22","guid":{"rendered":"https:\/\/euranhelluntaiseurakunta.fi\/?page_id=402"},"modified":"2026-05-12T19:51:31","modified_gmt":"2026-05-12T16:51:31","slug":"viikko-ohjelma-kesakuu-2022","status":"publish","type":"page","link":"https:\/\/euranhelluntaiseurakunta.fi\/?page_id=402","title":{"rendered":"Viikko-ohjelmat &#8211; syd\u00e4mellisesti tervetuloa!"},"content":{"rendered":"\n<p><em><strong>Vko<\/strong><\/em> <strong>18<\/strong> \/ <strong><em><strong><em>Jouni Leskinen<\/em><\/strong><\/em>, <\/strong>L\u00e4heiset ihmiset<\/p>\n\n\n\n<ul class=\"wp-block-list\">\n<li>Ma 27.4. klo 16:30 Hartaushetki ja klo 16:45 Ruoka-apu jakelu<\/li>\n\n\n\n<li>Ti 28.4. klo 13 P\u00e4iv\u00e4piiri, <strong>Tuula ja Kari Lind, Mikko Puntari<\/strong><\/li>\n\n\n\n<li>Ke 29.4. klo 12-15 <strong>Juttutupa <\/strong>-kahvila, Harri Lindell, (rukoushuone \/ ruokasali)<\/li>\n\n\n\n<li>To 30.4. klo 15:00 Ruoka-apu jakelu (suppea valikoima)<\/li>\n\n\n\n<li>To 30.4. klo 15:20 Lasten kerho, 16:30 Nuoret<\/li>\n\n\n\n<li><mark style=\"background-color:rgba(0, 0, 0, 0)\" class=\"has-inline-color has-black-color\">To 30.4. klo 18 Vappujuhla, rukoushuone<\/mark><\/li>\n\n\n\n<li><mark style=\"background-color:rgba(0, 0, 0, 0)\" class=\"has-inline-color has-vivid-red-color\"><strong>Su 3.5. klo 11 <\/strong><\/mark><strong><mark style=\"background-color:rgba(0, 0, 0, 0)\" class=\"has-inline-color has-vivid-red-color\">Ehtoollisj<\/mark><\/strong><strong><mark style=\"background-color:rgba(0, 0, 0, 0)\" class=\"has-inline-color has-vivid-red-color\">umalanpalvelus<\/mark><\/strong><\/li>\n<\/ul>\n\n\n\n<p><em><strong>Vko<\/strong><\/em> <strong>1<\/strong>9 \/ <strong><em><strong><em>Arto Lind<\/em><\/strong><\/em>, <\/strong>Seurakunta<\/p>\n\n\n\n<ul class=\"wp-block-list\">\n<li>Ma 4.5. klo 16:30 Hartaushetki ja klo 16:45 Ruoka-apu jakelu<\/li>\n\n\n\n<li>Ti 5.5. klo 18 Israel ilta, Petri Kulmala<\/li>\n\n\n\n<li>Ke 6.5. klo 12-15 <strong>Juttutupa <\/strong>-kahvila, Harri Lindell, (rukoushuone \/ ruokasali)<\/li>\n\n\n\n<li>To 7.5. klo 15:00 Ruoka-apu jakelu (suppea valikoima)<\/li>\n\n\n\n<li>To 7.5. klo 15:30 Lasten kerho, 16:30 Nuoret<\/li>\n\n\n\n<li><mark style=\"background-color:rgba(0, 0, 0, 0)\" class=\"has-inline-color has-black-color\">To 7.5. klo 18 <mark style=\"background-color:rgba(0, 0, 0, 0)\" class=\"has-inline-color has-black-color\">Kiitoksen ja rukouksen ilta, rukoushuone<\/mark><\/mark><\/li>\n\n\n\n<li><mark style=\"background-color:rgba(0, 0, 0, 0)\" class=\"has-inline-color has-vivid-red-color\"><strong>Su 10.5. * Siunattua \u00e4itienp\u00e4iv\u00e4\u00e4 * <\/strong><\/mark>(ei jumalanpalvelusta)<\/li>\n<\/ul>\n\n\n\n<p><em><strong>Vko<\/strong><\/em> <strong>20<\/strong> \/ <strong><em><strong><em>Minna Leino<\/em><\/strong><\/em>, <\/strong>L\u00e4hetysty\u00f6<\/p>\n\n\n\n<ul class=\"wp-block-list\">\n<li>Ma 11.5. klo 16:30 Hartaushetki ja klo 16:45 Ruoka-apu jakelu<\/li>\n\n\n\n<li>Ti 12.5. klo 18 Kuoroharjoitus<\/li>\n\n\n\n<li>Ke 13.5. klo 12-15 <strong>Juttutupa <\/strong>-kahvila, Harri Lindell, (rukoushuone \/ ruokasali)<\/li>\n\n\n\n<li><strong><mark style=\"background-color:rgba(0, 0, 0, 0)\" class=\"has-inline-color has-vivid-red-color\">* Helatorstai *<\/mark><\/strong>\n<ul class=\"wp-block-list\">\n<li>To 14.5. klo 15:00 Ruoka-apu jakelu (suppea valikoima)<\/li>\n\n\n\n<li><mark style=\"background-color:rgba(0, 0, 0, 0)\" class=\"has-inline-color has-black-color\">To 14.5. klo 18 <mark style=\"background-color:rgba(0, 0, 0, 0)\" class=\"has-inline-color has-black-color\">Kiitoksen ja rukouksen ilta, rukoushuone<\/mark><\/mark><\/li>\n<\/ul>\n<\/li>\n\n\n\n<li>La 16.5. klo 19 <strong>Laavuilta <\/strong>&#8211; Juttutupa, Rajam\u00e4entie 34, Eura \/ <strong>Harri Lindell<\/strong><\/li>\n\n\n\n<li><mark style=\"background-color:rgba(0, 0, 0, 0)\" class=\"has-inline-color has-vivid-red-color\"><strong>Su 17.5. klo 11 <\/strong><\/mark><strong><mark style=\"background-color:rgba(0, 0, 0, 0)\" class=\"has-inline-color has-vivid-red-color\">Jumalanpalvelus<\/mark><\/strong><\/li>\n<\/ul>\n\n\n\n<p><em><strong>Vko<\/strong><\/em> <strong>21<\/strong> \/ <strong><em><strong><em>Martti Melasniemi<\/em><\/strong><\/em>, <\/strong>Pyh\u00e4 Henki ja armolahjat<\/p>\n\n\n\n<ul class=\"wp-block-list\">\n<li>Ma 18.5. klo 16:30 Hartaushetki ja klo 16:45 Ruoka-apu jakelu<\/li>\n\n\n\n<li>Ke 20.5. klo 12-15 <strong>Juttutupa <\/strong>-kahvila, Harri Lindell, (rukoushuone \/ ruokasali)<\/li>\n\n\n\n<li>To 21.5. klo 15:00 Lasten kerho, 16:30 Nuoret<\/li>\n\n\n\n<li>To 21.5. klo 15:15 Ruoka-apu jakelu (suppea valikoima)<\/li>\n\n\n\n<li><mark style=\"background-color:rgba(0, 0, 0, 0)\" class=\"has-inline-color has-black-color\">To 21.5. klo 18 Kiitoksen ja rukouksen ilta, rukoushuone<\/mark><\/li>\n\n\n\n<li>La 23.5. klo 17 Armon siivin -ilta, Kauttuan nuokkari, Maasillantie 2<\/li>\n\n\n\n<li><mark style=\"background-color:rgba(0, 0, 0, 0)\" class=\"has-inline-color has-vivid-red-color\"><strong>Su 24.5. klo 11 <\/strong><\/mark><strong><mark style=\"background-color:rgba(0, 0, 0, 0)\" class=\"has-inline-color has-vivid-red-color\">Helluntaip\u00e4iv\u00e4, j<\/mark><\/strong><strong><mark style=\"background-color:rgba(0, 0, 0, 0)\" class=\"has-inline-color has-vivid-red-color\">umalanpalvelus<\/mark><\/strong><\/li>\n<\/ul>\n\n\n\n<p><em><strong>Vko<\/strong><\/em> 22 \/ <strong><em><strong><em>Juha Leskinen<\/em><\/strong><\/em>, <\/strong>L\u00e4heiset ihmiset<\/p>\n\n\n\n<ul class=\"wp-block-list\">\n<li>Ma 25.5. klo 16:30 Hartaushetki ja klo 16:45 Ruoka-apu jakelu<\/li>\n\n\n\n<li>Ti 26.5. klo 13 P\u00e4iv\u00e4piiri, <strong>Mikko Puntari<\/strong>, <strong>Hannu My\u00f6t\u00e4vuori<\/strong><\/li>\n\n\n\n<li>Ke 27.5. klo 12-15 <strong>Juttutupa <\/strong>-kahvila, Harri Lindell, (rukoushuone \/ ruokasali)<\/li>\n\n\n\n<li>To 28.5. klo 15:00 Lasten kerho, 16:30 Nuoret<\/li>\n\n\n\n<li>To 28.5. klo 15:15 Ruoka-apu jakelu (suppea valikoima)<\/li>\n\n\n\n<li><mark style=\"background-color:rgba(0, 0, 0, 0)\" class=\"has-inline-color has-black-color\">To 28.5. klo 18 Kiitoksen ja rukouksen ilta, rukoushuone<\/mark><\/li>\n\n\n\n<li><mark style=\"background-color:rgba(0, 0, 0, 0)\" class=\"has-inline-color has-vivid-red-color\"><strong>Su 31.5. klo 11 <\/strong><\/mark><strong><mark style=\"background-color:rgba(0, 0, 0, 0)\" class=\"has-inline-color has-vivid-red-color\">J<\/mark><\/strong><strong><mark style=\"background-color:rgba(0, 0, 0, 0)\" class=\"has-inline-color has-vivid-red-color\">umalanpalvelus<\/mark><\/strong><\/li>\n\n\n\n<li><strong><mark>Su 31.5. klo 18 Slaavilainen ilta,<\/mark><\/strong><strong><mark>rukoushuone, K\u00e4r\u00e4j\u00e4m\u00e4entie 12<\/mark><\/strong> \n<ul class=\"wp-block-list\">\n<li>Ohjelmaa, samovaariteet\u00e4, yhdess\u00e4oloa<\/li>\n\n\n\n<li>\u0421\u043b\u0430\u0432\u044f\u043d\u0441\u043a\u0438\u0439 \u0432\u0435\u0447\u0435\u0440: \u043f\u0440\u043e\u0433\u0440\u0430\u043c\u043c\u0430, \u0447\u0430\u0439 \u0441 \u0441\u0430\u043c\u043e\u0432\u0430\u0440\u043e\u043c, \u043e\u0431\u0449\u0435\u043d\u0438<\/li>\n<\/ul>\n<\/li>\n<\/ul>\n\n\n\n<p><em><strong>Vko<\/strong><\/em> <strong>23<\/strong> \/ <strong><em><strong><em>Jouni Leskinen<\/em><\/strong><\/em>, <\/strong>Seurakunta<\/p>\n\n\n\n<ul class=\"wp-block-list\">\n<li>Ma 1.6. klo 16:30 Hartaushetki ja klo 16:45 Ruoka-apu jakelu<\/li>\n\n\n\n<li>Ti 2.6. klo 18 Israel ilta, Petri Kulmala<\/li>\n\n\n\n<li>Ke 3.6. klo 12-15 <strong>Juttutupa <\/strong>-kahvila, Harri Lindell, (rukoushuone \/ ruokasali)<\/li>\n\n\n\n<li>To 4.6. klo 15:00 Lasten kerho, 16:30 Nuoret<\/li>\n\n\n\n<li>To 4.6. klo 15:15 Ruoka-apu jakelu (suppea valikoima)<\/li>\n\n\n\n<li><mark style=\"background-color:rgba(0, 0, 0, 0)\" class=\"has-inline-color has-black-color\">To 4.6. klo 18 <mark style=\"background-color:rgba(0, 0, 0, 0)\" class=\"has-inline-color has-black-color\">Kiitoksen ja rukouksen ilta, rukoushuone<\/mark><\/mark><\/li>\n\n\n\n<li><mark style=\"background-color:rgba(0, 0, 0, 0)\" class=\"has-inline-color has-vivid-red-color\"><strong>Su 7.6. klo 11 <\/strong><\/mark><strong><mark style=\"background-color:rgba(0, 0, 0, 0)\" class=\"has-inline-color has-vivid-red-color\">Ehtoollisj<\/mark><\/strong><strong><mark style=\"background-color:rgba(0, 0, 0, 0)\" class=\"has-inline-color has-vivid-red-color\">umalanpalvelus<\/mark><\/strong><\/li>\n<\/ul>\n\n\n\n<p><em><strong>Vko<\/strong><\/em> <strong>2<\/strong>5 \/<strong> Martti Melasniemi, <\/strong>Pyh\u00e4 Henki ja armolahjat<\/p>\n\n\n\n<ul class=\"wp-block-list\">\n<li>Ma 15.6. klo 16:30 Hartaushetki ja klo 16:45 Ruoka-apu jakelu<\/li>\n\n\n\n<li>Ke 17.6. klo 12-15 <strong>Juttutupa <\/strong>-kahvila, Harri Lindell, (rukoushuone \/ ruokasali)<\/li>\n\n\n\n<li>To 18.6. klo 15:15 Ruoka-apu jakelu (suppea valikoima)<\/li>\n\n\n\n<li><mark>To 18.6. klo 18 Kiitoksen ja rukouksen ilta, rukoushuone<\/mark><\/li>\n\n\n\n<li><\/li>\n\n\n\n<li><mark><strong><a href=\"https:\/\/www.juhannuskonferenssi.fi\/\"><mark style=\"background-color:rgba(0, 0, 0, 0)\" class=\"has-inline-color has-luminous-vivid-orange-color\">18.-21.6. Juhannuskonferenssi Keuruulla<\/mark><\/a><\/strong><\/mark><\/li>\n<\/ul>\n\n\n\n<figure class=\"wp-block-image size-full is-resized\"><img loading=\"lazy\" decoding=\"async\" width=\"1082\" height=\"1197\" src=\"https:\/\/euranhelluntaiseurakunta.fi\/wp-content\/uploads\/2026\/05\/Konferenssi-etusivu-2026.png\" alt=\"\" class=\"wp-image-1429\" style=\"aspect-ratio:0.9039223853752596;width:564px;height:auto\" srcset=\"https:\/\/euranhelluntaiseurakunta.fi\/wp-content\/uploads\/2026\/05\/Konferenssi-etusivu-2026.png 1082w, https:\/\/euranhelluntaiseurakunta.fi\/wp-content\/uploads\/2026\/05\/Konferenssi-etusivu-2026-642x710.png 642w, https:\/\/euranhelluntaiseurakunta.fi\/wp-content\/uploads\/2026\/05\/Konferenssi-etusivu-2026-768x850.png 768w, https:\/\/euranhelluntaiseurakunta.fi\/wp-content\/uploads\/2026\/05\/Konferenssi-etusivu-2026-105x116.png 105w\" sizes=\"auto, (max-width: 1082px) 100vw, 1082px\" \/><\/figure>\n\n\n\n<p><\/p>\n","protected":false},"excerpt":{"rendered":"<p>Vko 18 \/ Jouni Leskinen, L\u00e4heiset ihmiset Vko 19 \/ Arto Lind, Seurakunta Vko 20 \/ Minna Leino, L\u00e4hetysty\u00f6 Vko 21 \/ Martti Melasniemi, Pyh\u00e4 Henki ja armolahjat Vko 22 \/ Juha Leskinen, L\u00e4heiset ihmiset Vko 23 \/ Jouni Leskinen, Seurakunta Vko 25 \/ Martti Melasniemi, Pyh\u00e4 Henki ja armolahjat<\/p>\n","protected":false},"author":1,"featured_media":566,"parent":0,"menu_order":0,"comment_status":"closed","ping_status":"closed","template":"","meta":{"footnotes":""},"class_list":["post-402","page","type-page","status-publish","has-post-thumbnail","hentry"],"_links":{"self":[{"href":"https:\/\/euranhelluntaiseurakunta.fi\/index.php?rest_route=\/wp\/v2\/pages\/402","targetHints":{"allow":["GET"]}}],"collection":[{"href":"https:\/\/euranhelluntaiseurakunta.fi\/index.php?rest_route=\/wp\/v2\/pages"}],"about":[{"href":"https:\/\/euranhelluntaiseurakunta.fi\/index.php?rest_route=\/wp\/v2\/types\/page"}],"author":[{"embeddable":true,"href":"https:\/\/euranhelluntaiseurakunta.fi\/index.php?rest_route=\/wp\/v2\/users\/1"}],"replies":[{"embeddable":true,"href":"https:\/\/euranhelluntaiseurakunta.fi\/index.php?rest_route=%2Fwp%2Fv2%2Fcomments&post=402"}],"version-history":[{"count":446,"href":"https:\/\/euranhelluntaiseurakunta.fi\/index.php?rest_route=\/wp\/v2\/pages\/402\/revisions"}],"predecessor-version":[{"id":1432,"href":"https:\/\/euranhelluntaiseurakunta.fi\/index.php?rest_route=\/wp\/v2\/pages\/402\/revisions\/1432"}],"wp:featuredmedia":[{"embeddable":true,"href":"https:\/\/euranhelluntaiseurakunta.fi\/index.php?rest_route=\/wp\/v2\/media\/566"}],"wp:attachment":[{"href":"https:\/\/euranhelluntaiseurakunta.fi\/index.php?rest_route=%2Fwp%2Fv2%2Fmedia&parent=402"}],"curies":[{"name":"wp","href":"https:\/\/api.w.org\/{rel}","templated":true}]}}