{"id":361,"date":"2022-01-23T09:12:08","date_gmt":"2022-01-23T07:12:08","guid":{"rendered":"https:\/\/euranhelluntaiseurakunta.fi\/?page_id=361"},"modified":"2022-10-01T13:15:33","modified_gmt":"2022-10-01T10:15:33","slug":"euran-helluntaiseurakunnan-historiikki","status":"publish","type":"page","link":"https:\/\/euranhelluntaiseurakunta.fi\/?page_id=361","title":{"rendered":"Euran helluntaiseurakunnan historiikki"},"content":{"rendered":"\n<p>Helluntaiher\u00e4tys sai alkunsa 1900-luvun alkupuolella. Eripuolilla maailmaa ihmiset kokivat Jumalan kosketuksen , joka muutti heid\u00e4n el\u00e4m\u00e4ns\u00e4. Suomeen helluntaiher\u00e4tys kulkeutui norjalaisen metodistipastorin T.B Barratin saapuessa pit\u00e4m\u00e4\u00e4n kokouksia Helsinkiin 1911, josta se levisi ymp\u00e4ri Suomea. <\/p>\n\n\n\n<p>Helluntaiher\u00e4tyksen oppi pohjautuu yksin Raamattuun, joka on ollut ainoa uskon ja opin auktoriteetti. Ensimm\u00e4iset helluntaiseurakunnat perustettiin 1920-luvulla.<\/p>\n\n\n\n<p><strong>Euran Helluntaiseurakunnan<\/strong> syntyjuuret johtavat <strong>Kiukaisiin<\/strong>, jonne helluntaisanoma tuotiin 1930-luvun alussa Porista ja Harjavallasta k\u00e4sin. Ensin Alhonkulmalle ja Myllymaalle, sitten Panelian ja Eurakosken kyliin. <\/p>\n\n\n\n<p><strong>Juho Kukon<\/strong> perheen muuttaessa sodan j\u00e4lkeen&nbsp; siirtolaisena R\u00e4is\u00e4l\u00e4st\u00e4 Euraan , alkoi kokoustoiminta my\u00f6s Euran puolella.&nbsp; Kun toiminnan tuloksena alkoi ihmisi\u00e4 tulla uskoon , oli seurakunnan perustaminen tullut ajankohtaiseksi. <\/p>\n\n\n\n<p>P\u00e4\u00e4t\u00f6s seurakunnan perustamiseksi tehtiin 24.8.1952,varsinainen perustamiskokous pidettiin kuitenkin vasta <strong>21.9.1952<\/strong>. Seurakunnan nimeksi tuli Kiukaisten Helluntaiseurakunta. J\u00e4seniksi liittyi 17 uskovaista. <\/p>\n\n\n\n<p>Honkilahden Mannilankyl\u00e4ss\u00e4 oli syntynyt pieni uskovien ryhm\u00e4 Turun Helluntaiseurakunnan ty\u00f6n tuloksena. T\u00e4m\u00e4\u00a0 ryhm\u00e4 liittyi Kiukaisten Helluntaiseurakuntaan 1957. Ty\u00f6n painottuessa enemm\u00e4n Euran puolelle muutettiin 1960 seurakunnan nimeksi Kiukaisten-Euran Betania- seurakunta ja 1980-luvulla kokonaan Euran Helluntaiseurakunnaksi.<\/p>\n\n\n\n<p>Seurakunnan ensimm\u00e4inen kokoontumistila oli 1950-luvun alussa Turusta Euran Sorkkisiin muuttaneiden Kaarlo ja Martta Vuorisen talon toinen p\u00e4\u00e4ty (Sorkkistentie 155), joka remontoitiin seurakunnan k\u00e4ytt\u00f6\u00f6n. Vihki\u00e4isjuhla pidettiin 26.10.1952. Kiinteist\u00f6 oli entinen Osuuskassan talo, joka 2.5.1955 ostettiin kokonaan seurakunnan k\u00e4ytt\u00f6\u00f6n. Kiinteist\u00f6 palveli seurakuntaa 8 vuotta, kunnes se myytiin 7.7 1960. Kes\u00e4ll\u00e4 1960 ostettiin aivan Euran keskustasta kirkon vierest\u00e4 Mikkola-niminen tila (Sorkkistentie 11), jolla sijaitseva kiinteist\u00f6 korjattiin seurakunnan toimitilaksi. T\u00e4m\u00e4n kiinteist\u00f6n vihki\u00e4isi\u00e4 pidettiin 4.12.1960. Krootila-niminen tila, aivan naapurista ostettiin 1972. My\u00f6hemmin t\u00e4ll\u00e4 tontilla ollut kiinteist\u00f6 remontoitiin saarnaajan perheen asunnoksi. <\/p>\n\n\n\n<p>Seurakunnan kasvaessa t\u00e4m\u00e4kin kiinteist\u00f6 k\u00e4vi ahtaaksi, jolloin\u00a0 keskusteltiin vanhan\u00a0 laajentamisesta tai kokonaan uuden rakentamisesta. Asiantuntijoiden neuvojen mukaan p\u00e4\u00e4dyttiin uuden rakentamiseen. Rakentamisp\u00e4\u00e4t\u00f6s tehtiin seurakunnan vuosijuhlassa helmikuussa 1984. Krootila sek\u00e4 jokirannassa olleen 6800 m2\u00a0 maa-alue\u00a0 myytiin 1986 rakennushankkeen rahoittamiseksi. Euran tulevan keskustan keskelt\u00e4 saimme tontin, kunnan suosiollisella avustuksella. Aluksi se oli\u00a0 vuokratontti, joka my\u00f6hemmin ostettiin omaksi. Rakentaminen aloitettiin kev\u00e4\u00e4ll\u00e4 1986. Peruskivi muurattiin 28.7.1986 ja harjannostajaisia vietettiin 5.9.1986. Rakennus vihittiin seurakunnan k\u00e4ytt\u00f6\u00f6n 10.4.1988 ja n\u00e4iss\u00e4 tiloissa seurakunta edelleen toimii. Vanha rukoushuonekiinteist\u00f6 muutettiin kirpputoriksi, jonka tuotolla tuettiin l\u00e4hetysty\u00f6t\u00e4 ja seurakunnan rakennusrahastoa. Kirpputori toiminnan loppuessa kes\u00e4lle 2000, t\u00e4m\u00e4 kiinteist\u00f6 myytiin. <\/p>\n\n\n\n<p>Vuosien kuluessa<strong> seurakunnan ty\u00f6ntekij\u00f6in\u00e4<\/strong> ovat toimineet:<\/p>\n\n\n\n<p><strong>Alarik Sandberg<\/strong>, 1952-1966, 1969-1979<\/p>\n\n\n\n<p><strong>Pentti Walden, <\/strong>1981-1992<\/p>\n\n\n\n<p><strong>Osmo Pakarinen, <\/strong>1996-2001<\/p>\n\n\n\n<p><strong>Tuomo Ahonen<\/strong>, 2003-2008<\/p>\n\n\n\n<p>Veijo Heinonen, 2009-2015 <\/p>\n\n\n\n<p><strong>Sanna Piirainen<\/strong>, 2016 &#8211;<\/p>\n\n\n\n<figure class=\"wp-block-image size-full\"><img loading=\"lazy\" decoding=\"async\" width=\"1980\" height=\"360\" src=\"https:\/\/euranhelluntaiseurakunta.fi\/wp-content\/uploads\/2022\/01\/Eura_tyontekijat.jpg\" alt=\"\" class=\"wp-image-370\" srcset=\"https:\/\/euranhelluntaiseurakunta.fi\/wp-content\/uploads\/2022\/01\/Eura_tyontekijat.jpg 1980w, https:\/\/euranhelluntaiseurakunta.fi\/wp-content\/uploads\/2022\/01\/Eura_tyontekijat-710x129.jpg 710w, https:\/\/euranhelluntaiseurakunta.fi\/wp-content\/uploads\/2022\/01\/Eura_tyontekijat-768x140.jpg 768w, https:\/\/euranhelluntaiseurakunta.fi\/wp-content\/uploads\/2022\/01\/Eura_tyontekijat-1536x279.jpg 1536w, https:\/\/euranhelluntaiseurakunta.fi\/wp-content\/uploads\/2022\/01\/Eura_tyontekijat-228x41.jpg 228w\" sizes=\"auto, (max-width: 1980px) 100vw, 1980px\" \/><\/figure>\n\n\n\n<p>Lis\u00e4ksi <strong>Seija Damski<\/strong> toimi alueellamme evankelistana vuosina 1991-1996. <strong>Leila Nakkila<\/strong> on ollut seurakunnan evankelistana muutettuaan Euraan el\u00e4kkeelle j\u00e4\u00e4ty\u00e4\u00e4n.<\/p>\n\n\n\n<p>Seurakuntamme on tehnyt alusta asti voimakasta <strong>lapsi- ja nuorisoty\u00f6t\u00e4<\/strong>. Monet pyh\u00e4koulut, kerhot, lasten- ja nuorten leirit ja nuorisop\u00e4iv\u00e4t sek\u00e4 Royal Rangers partiotoiminta ovat olleet kulmakivin\u00e4. Lasten leirej\u00e4 pidettiin S\u00e4kyl\u00e4ss\u00e4 Areenalla, Kauttualla Hevossuon rannassa, Neittamon koululla, Hinnerjoen Elorannassa ja kunnan leirikeskuksessa Mansikissa. Suurimmillaan leirin vahvuus oli 128 leiril\u00e4ist\u00e4. Alarik Sandberg on ollut Satakunnan nuorisoty\u00f6n uranuurtaja ja lukuisten leirien vet\u00e4j\u00e4 niin t\u00e4\u00e4ll\u00e4 Eurassa kuin muuallakin Suomessa. Turhaan ei Alarikille my\u00f6nnetty\u00a0 \u201cleirineuvoksen\u201c arvonime\u00e4. My\u00f6s Sinikka, Alarikin puoliso, teki mittavan ty\u00f6panoksen pyh\u00e4koulun opettajana. Unohtamatta niit\u00e4 monia seurakuntalaisia, jotka ovat my\u00f6s osallistuneet t\u00e4h\u00e4n toimintaan. Monilla on varmaan mieleen painuneet muistot n\u00e4ist\u00e4 leireist\u00e4 ja pyh\u00e4kouluista.<\/p>\n\n\n\n<p>Lasten leirit ovat jatkuneet hyvin suosittuina aina 2010 luvulle asti: leirien pitopaikkana on ollut viimeksi Euran kunnan leirikeskus Mansikki. Leirit on pidetty joko omin voimin tai mukaan on kutsuttu tunnettuja lapsity\u00f6ntekij\u00f6it\u00e4.<\/p>\n\n\n\n<p><strong>Hengellinen musiikki<\/strong> on ollut\u00a0 yksi seurakunnan toiminnan tukipylv\u00e4ist\u00e4. Kuoron, lauluryhm\u00e4n, yksinlaulajien sek\u00e4 yhteislaulujen sanoma on soinnut eri tilaisuuksissamme rukoushuoneella niin kuin l\u00e4hialueemme vankiloissa, terveyskeskuksissa, vanhainkodeissa ja toreilla sek\u00e4 monissa eri seurakunnissa vuosikymmenien saatossa. Seurakunnan toimintaan ovat\u00a0 kuuluneet erilaiset opetustilaisuudet ja evankelioimistapahtumat sek\u00e4 yhteiset tilaisuudet Evankelisluterilaisen seurakunnan kanssa. Lis\u00e4ksi olemme osallistuneet Eurassa ja S\u00e4kyl\u00e4ss\u00e4 pidetyille messuille ja markkinoille. Kes\u00e4iset telttakokoukset, toritapahtumat ja Kauttuan elokuinen yhteislaulutilaisuus ovat olleet osa toimintaamme vuosikymmenien ajan.<\/p>\n\n\n\n<p>L\u00e4hetysty\u00f6t\u00e4 teimme vuoteen 1979 asti Satakunnan L\u00e4hetysrahaston kautta, jolloin\u00a0yhdess\u00e4 Merikarvian Helluntaiseurakunnan kanssa aloimme tukea <strong>Anneli Tuomen\u00a0 <\/strong>ty\u00f6t\u00e4 Keniassa. H\u00e4nen j\u00e4\u00e4ty\u00e4\u00e4n Suomeen ryhdyimme yhdess\u00e4 Kiikoisten Helluntaiseurakunnan kanssa kannattamaan <strong>Sirkka Leinosta<\/strong> Keniassa. Leinosen kannatus p\u00e4\u00e4ttyi vuoden 1998 kev\u00e4\u00e4ll\u00e4. T\u00e4m\u00e4n j\u00e4lkeen olemme kannattaneet Kauko Uusilan perhett\u00e4 1999 &#8211; 2009 aluksi Boliviassa ja vuodesta 2000-2010 Uruguayssa. Nyt he ovat palanneet kotimaan ja ovat t\u00e4\u00e4ll\u00e4 seurakuntaty\u00f6ss\u00e4. Vuodesta 2015 asti olemme kannattaneet viitt\u00e4 kansallista <strong>l\u00e4hetysty\u00f6ntekij\u00e4\u00e4 Intiassa<\/strong>. T\u00e4m\u00e4n ty\u00f6n kautta olemme olleet tavoittamassa ihmisi\u00e4, jotka eiv\u00e4t ole koskaan kuulleet evankeliumia Jeesuksesta.<\/p>\n\n\n\n<p>Olemme my\u00f6s tukeneet Kenian suomalaisen koulun opettajaa <strong>Ulla<\/strong> <strong>Niemist\u00e4<\/strong>. My\u00f6s\u00a0<strong>Helvi Kukko <\/strong>omasta seurakunnasta toimi Keniassa ja Tansaniassa suomalaisen Helluntail\u00e4hetyksen koulun asuntolanhoitajana. Seurakuntamme j\u00e4sen <strong>Henna Karhu<a href=\"file:\/\/\/D:\/Betania\/Nettisivut\/Henna_Karhu.htm\"> <\/a><\/strong>on ollut Albaniassa opettamassa l\u00e4hetysty\u00f6ntekij\u00f6iden lapsia. Samalla h\u00e4n on tehnyt lapsi- ja nuorisoty\u00f6t\u00e4 Albanialaisten keskuudessa. My\u00f6s Henna palvelee t\u00e4ll\u00e4 hetkell\u00e4 kotimaassa ja erityisesti maahanmuuttajaty\u00f6ss\u00e4.<\/p>\n\n\n\n<p>Uutena ty\u00f6muotona on ollut vuodesta 2017 alkaen maahanmuuttajaty\u00f6: Euraan sijoitettiin muutamia pakolaisperheit\u00e4 Syyrian tilanteen seurauksena. Heille on suunnattu omia tilaisuuksia, pidetty Suomi-kerhoa sek\u00e4 kutsuttu heit\u00e4 mm. joulujuhliin.<\/p>\n\n\n\n<p>Uusi ty\u00f6muoto on ollut jo usean vuoden ajan ruoka-aputoiminta. Paikallisten <strong>K-kauppojen<\/strong> lahjoittamat ruokatarvikkeet on jaettu kerran viikossa niit\u00e4 tarvitseville. T\u00e4m\u00e4 ty\u00f6muodon kautta on tavoitettu l\u00e4hes 100 ihmist\u00e4 viikon aikana.<\/p>\n\n\n\n<p>Katsoessa seurakuntamme el\u00e4m\u00e4\u00e4 taaksep\u00e4in ei voi olla yhtym\u00e4tt\u00e4 vanhan rukoushuoneemme sein\u00e4ll\u00e4 olleen julisteen tekstiin : <strong>\u201cT\u00e4h\u00e4n asti on Herra meit\u00e4<\/strong> <strong>auttanut\u201d.<\/strong> Syv\u00e4 kiitollisuus kumpuaa syd\u00e4mist\u00e4mme <strong>Jumalaa<\/strong> kohti: <strong>h\u00e4n on ollut uskollinen<\/strong> <strong>n\u00e4m\u00e4 70 vuotta<\/strong> ! \u00a0<\/p>\n\n\n\n<p>Seurakunnan j\u00e4senm\u00e4\u00e4r\u00e4 on muuttoliikkeen johdosta laskenut. Parhaimmillaan j\u00e4seni\u00e4 oli 116 &#8211; t\u00e4ll\u00e4 hetkell\u00e4 j\u00e4seni\u00e4 on 66 (joulukuu 2021).<\/p>\n","protected":false},"excerpt":{"rendered":"<p>Helluntaiher\u00e4tys sai alkunsa 1900-luvun alkupuolella. Eripuolilla maailmaa ihmiset kokivat Jumalan kosketuksen , joka muutti heid\u00e4n el\u00e4m\u00e4ns\u00e4. Suomeen helluntaiher\u00e4tys kulkeutui norjalaisen metodistipastorin T.B Barratin saapuessa pit\u00e4m\u00e4\u00e4n kokouksia Helsinkiin 1911, josta se levisi ymp\u00e4ri Suomea. Helluntaiher\u00e4tyksen oppi pohjautuu yksin Raamattuun, joka on ollut ainoa uskon ja opin auktoriteetti. Ensimm\u00e4iset helluntaiseurakunnat perustettiin 1920-luvulla. Euran Helluntaiseurakunnan syntyjuuret johtavat Kiukaisiin, [&hellip;]<\/p>\n","protected":false},"author":1,"featured_media":0,"parent":0,"menu_order":0,"comment_status":"closed","ping_status":"closed","template":"","meta":{"footnotes":""},"class_list":["post-361","page","type-page","status-publish","hentry"],"_links":{"self":[{"href":"https:\/\/euranhelluntaiseurakunta.fi\/index.php?rest_route=\/wp\/v2\/pages\/361","targetHints":{"allow":["GET"]}}],"collection":[{"href":"https:\/\/euranhelluntaiseurakunta.fi\/index.php?rest_route=\/wp\/v2\/pages"}],"about":[{"href":"https:\/\/euranhelluntaiseurakunta.fi\/index.php?rest_route=\/wp\/v2\/types\/page"}],"author":[{"embeddable":true,"href":"https:\/\/euranhelluntaiseurakunta.fi\/index.php?rest_route=\/wp\/v2\/users\/1"}],"replies":[{"embeddable":true,"href":"https:\/\/euranhelluntaiseurakunta.fi\/index.php?rest_route=%2Fwp%2Fv2%2Fcomments&post=361"}],"version-history":[{"count":9,"href":"https:\/\/euranhelluntaiseurakunta.fi\/index.php?rest_route=\/wp\/v2\/pages\/361\/revisions"}],"predecessor-version":[{"id":553,"href":"https:\/\/euranhelluntaiseurakunta.fi\/index.php?rest_route=\/wp\/v2\/pages\/361\/revisions\/553"}],"wp:attachment":[{"href":"https:\/\/euranhelluntaiseurakunta.fi\/index.php?rest_route=%2Fwp%2Fv2%2Fmedia&parent=361"}],"curies":[{"name":"wp","href":"https:\/\/api.w.org\/{rel}","templated":true}]}}