{"id":251,"date":"2021-10-09T07:25:40","date_gmt":"2021-10-09T04:25:40","guid":{"rendered":"https:\/\/euranhelluntaiseurakunta.fi\/?page_id=251"},"modified":"2022-03-06T20:05:00","modified_gmt":"2022-03-06T18:05:00","slug":"kokoustallenteita-aani-tai-video","status":"publish","type":"page","link":"https:\/\/euranhelluntaiseurakunta.fi\/?page_id=251","title":{"rendered":"Kokoustallenteita (YouTube)"},"content":{"rendered":"\n<p>Alla olevista linkeist\u00e4 voit katsoa ko. kokousken tallenteen. Siunattuja hetki\u00e4 Sanan \u00e4\u00e4ress\u00e4!<\/p>\n\n\n\n<div class=\"wp-block-columns is-layout-flex wp-container-core-columns-is-layout-9d6595d7 wp-block-columns-is-layout-flex\">\n<div class=\"wp-block-column is-layout-flow wp-block-column-is-layout-flow\" style=\"flex-basis:100%\">\n<div class=\"wp-block-columns is-layout-flex wp-container-core-columns-is-layout-9d6595d7 wp-block-columns-is-layout-flex\">\n<div class=\"wp-block-column is-layout-flow wp-block-column-is-layout-flow\" style=\"flex-basis:100%\">\n<ul class=\"wp-block-list\"><li><a href=\"https:\/\/youtu.be\/pLtyn-mnlRY\">S<\/a><a href=\"https:\/\/youtu.be\/2DI83uiT-lI\">unnuntain jumalanpalvelus<\/a>, 13.2.2022, klo 11, <strong>Sanna Piirainen<\/strong><\/li><li><a href=\"https:\/\/youtu.be\/pLtyn-mnlRY\">S<\/a><a href=\"https:\/\/youtu.be\/K4ZxydyMXe4\">unnuntain jumalanpalvelus<\/a>, 30.1.2022, klo 11, <strong>Sanna Piirainen<\/strong><\/li><li><a href=\"https:\/\/youtu.be\/pLtyn-mnlRY\">S<\/a><a href=\"https:\/\/youtu.be\/kuQMTxVUdpY\">unnuntain jumalanpalvelus<\/a>, 23.1.2022, klo 11, <strong>Sanna Piirainen<\/strong><\/li><li><a href=\"https:\/\/youtu.be\/pLtyn-mnlRY\">S<\/a><a href=\"https:\/\/youtu.be\/uJVu9-SBAlY\">unnuntain jumalanpalvelus<\/a>, 16.1.2022, klo 11, <strong>Sanna Piirainen<\/strong><\/li><li><a href=\"https:\/\/youtu.be\/pLtyn-mnlRY\">Ehtoollisjumalanpalvelus<\/a>, 7.11.2021, klo 11, <strong>Sanna Piirainen<\/strong><\/li><li><a href=\"https:\/\/youtu.be\/pLtyn-mnlRY\">Ehtoollisjumalanpalvelus<\/a>, 3.10.2021, klo 11, <strong>Jouni Leskinen<\/strong><\/li><li><a href=\"https:\/\/youtu.be\/fxxZD9tOq_Y\">Ehtoollisjumalanpalvelus<\/a>, 5.9.2021, klo 11, <strong>Sanna Piirainen<\/strong><\/li><li><a href=\"https:\/\/youtu.be\/2yi9pF-ic7M\">Marttyyrien \u00e4\u00e4ni -tilaisuus<\/a>, <strong>15.8.20<\/strong>21, klo 11, <strong>Hannu Lahtinen<\/strong><\/li><li><a href=\"https:\/\/youtu.be\/LXYFJ9E6770\">Raamattutunti<\/a>, 18.7.2021, klo 11, <strong>Martti Ahvenainen<\/strong><\/li><\/ul>\n\n\n\n<p>Voit katsoa kaikki tallennetut jumalanpalvelukset Euran helluntaiseurakunnan YouTube -kanavalla (klikkaa alla):<\/p>\n<\/div>\n<\/div>\n\n\n\n<h2 class=\"has-normal-font-size wp-block-heading\"><a href=\"https:\/\/www.youtube.com\/channel\/UCFUGfFIjD-XDuvIaGj0azKQ\">Euran helluntaiseurakunann YouTube -kanava<\/a><\/h2>\n\n\n\n<figure class=\"wp-block-image size-full is-resized\"><img loading=\"lazy\" decoding=\"async\" src=\"https:\/\/euranhelluntaiseurakunta.fi\/wp-content\/uploads\/2021\/10\/pngwing.com_.png\" alt=\"\" class=\"wp-image-261\" width=\"229\" height=\"73\" srcset=\"https:\/\/euranhelluntaiseurakunta.fi\/wp-content\/uploads\/2021\/10\/pngwing.com_.png 1916w, https:\/\/euranhelluntaiseurakunta.fi\/wp-content\/uploads\/2021\/10\/pngwing.com_-710x228.png 710w, https:\/\/euranhelluntaiseurakunta.fi\/wp-content\/uploads\/2021\/10\/pngwing.com_-768x246.png 768w, https:\/\/euranhelluntaiseurakunta.fi\/wp-content\/uploads\/2021\/10\/pngwing.com_-1536x492.png 1536w, https:\/\/euranhelluntaiseurakunta.fi\/wp-content\/uploads\/2021\/10\/pngwing.com_-228x73.png 228w\" sizes=\"auto, (max-width: 229px) 100vw, 229px\" \/><\/figure>\n<\/div>\n<\/div>\n\n\n\n<figure class=\"wp-block-image size-large\"><img loading=\"lazy\" decoding=\"async\" width=\"2048\" height=\"1153\" src=\"https:\/\/euranhelluntaiseurakunta.fi\/wp-content\/uploads\/2022\/01\/1130465-2048x1153.jpg\" alt=\"\" class=\"wp-image-358\" srcset=\"https:\/\/euranhelluntaiseurakunta.fi\/wp-content\/uploads\/2022\/01\/1130465-2048x1153.jpg 2048w, https:\/\/euranhelluntaiseurakunta.fi\/wp-content\/uploads\/2022\/01\/1130465-710x400.jpg 710w, https:\/\/euranhelluntaiseurakunta.fi\/wp-content\/uploads\/2022\/01\/1130465-768x432.jpg 768w, https:\/\/euranhelluntaiseurakunta.fi\/wp-content\/uploads\/2022\/01\/1130465-1536x865.jpg 1536w, https:\/\/euranhelluntaiseurakunta.fi\/wp-content\/uploads\/2022\/01\/1130465-206x116.jpg 206w\" sizes=\"auto, (max-width: 2048px) 100vw, 2048px\" \/><\/figure>\n","protected":false},"excerpt":{"rendered":"<p>Alla olevista linkeist\u00e4 voit katsoa ko. kokousken tallenteen. Siunattuja hetki\u00e4 Sanan \u00e4\u00e4ress\u00e4! Sunnuntain jumalanpalvelus, 13.2.2022, klo 11, Sanna Piirainen Sunnuntain jumalanpalvelus, 30.1.2022, klo 11, Sanna Piirainen Sunnuntain jumalanpalvelus, 23.1.2022, klo 11, Sanna Piirainen Sunnuntain jumalanpalvelus, 16.1.2022, klo 11, Sanna Piirainen Ehtoollisjumalanpalvelus, 7.11.2021, klo 11, Sanna Piirainen Ehtoollisjumalanpalvelus, 3.10.2021, klo 11, Jouni Leskinen Ehtoollisjumalanpalvelus, 5.9.2021, klo [&hellip;]<\/p>\n","protected":false},"author":1,"featured_media":47,"parent":0,"menu_order":0,"comment_status":"closed","ping_status":"closed","template":"","meta":{"footnotes":""},"class_list":["post-251","page","type-page","status-publish","has-post-thumbnail","hentry"],"_links":{"self":[{"href":"https:\/\/euranhelluntaiseurakunta.fi\/index.php?rest_route=\/wp\/v2\/pages\/251","targetHints":{"allow":["GET"]}}],"collection":[{"href":"https:\/\/euranhelluntaiseurakunta.fi\/index.php?rest_route=\/wp\/v2\/pages"}],"about":[{"href":"https:\/\/euranhelluntaiseurakunta.fi\/index.php?rest_route=\/wp\/v2\/types\/page"}],"author":[{"embeddable":true,"href":"https:\/\/euranhelluntaiseurakunta.fi\/index.php?rest_route=\/wp\/v2\/users\/1"}],"replies":[{"embeddable":true,"href":"https:\/\/euranhelluntaiseurakunta.fi\/index.php?rest_route=%2Fwp%2Fv2%2Fcomments&post=251"}],"version-history":[{"count":20,"href":"https:\/\/euranhelluntaiseurakunta.fi\/index.php?rest_route=\/wp\/v2\/pages\/251\/revisions"}],"predecessor-version":[{"id":389,"href":"https:\/\/euranhelluntaiseurakunta.fi\/index.php?rest_route=\/wp\/v2\/pages\/251\/revisions\/389"}],"wp:featuredmedia":[{"embeddable":true,"href":"https:\/\/euranhelluntaiseurakunta.fi\/index.php?rest_route=\/wp\/v2\/media\/47"}],"wp:attachment":[{"href":"https:\/\/euranhelluntaiseurakunta.fi\/index.php?rest_route=%2Fwp%2Fv2%2Fmedia&parent=251"}],"curies":[{"name":"wp","href":"https:\/\/api.w.org\/{rel}","templated":true}]}}