{"id":1263,"date":"2025-10-11T09:13:42","date_gmt":"2025-10-11T06:13:42","guid":{"rendered":"https:\/\/euranhelluntaiseurakunta.fi\/?page_id=1263"},"modified":"2025-10-11T09:17:45","modified_gmt":"2025-10-11T06:17:45","slug":"raamattu-on-totta-martin-henkilokohtainen-todistus","status":"publish","type":"page","link":"https:\/\/euranhelluntaiseurakunta.fi\/?page_id=1263","title":{"rendered":"Raamattu on totta \u2013 Martin henkil\u00f6kohtainen todistus"},"content":{"rendered":"\n<figure class=\"wp-block-image size-full is-resized\"><img loading=\"lazy\" decoding=\"async\" width=\"564\" height=\"405\" src=\"https:\/\/euranhelluntaiseurakunta.fi\/wp-content\/uploads\/2025\/10\/Martti_Melasniemi-1.jpg\" alt=\"\" class=\"wp-image-1264\" style=\"width:398px;height:auto\" srcset=\"https:\/\/euranhelluntaiseurakunta.fi\/wp-content\/uploads\/2025\/10\/Martti_Melasniemi-1.jpg 564w, https:\/\/euranhelluntaiseurakunta.fi\/wp-content\/uploads\/2025\/10\/Martti_Melasniemi-1-162x116.jpg 162w\" sizes=\"auto, (max-width: 564px) 100vw, 564px\" \/><\/figure>\n\n\n\n<p>Olen Martti, 70v. el\u00e4kel\u00e4inen.&nbsp;<\/p>\n\n\n\n<p>Kerronpa t\u00e4ss\u00e4 lyhyesti, kuinka minusta tuli&nbsp;Jeesukseen Kristukseen uskova mies.<\/p>\n\n\n\n<p>Er\u00e4s tuttavani kertoi minulle omasta uskostaan&nbsp;Jeesukseen Kristukseen. H\u00e4n oli jo hyvin perehtynyt Raamatun sis\u00e4lt\u00f6\u00f6n ja halusi jakaa tietojaan, erityisesti Uudesta Testamentista.<\/p>\n\n\n\n<p>En tuntenut Raamattua juurikaan viel\u00e4 silloin, mutta aloin itse lukea sit\u00e4.&nbsp;Seurasi paljon kysymyksi\u00e4, paljon ep\u00e4ily\u00e4,&nbsp;mutta onneksi lopulta my\u00f6s selkeit\u00e4 vastauksia ja paljon iloa. Ymm\u00e4rsin Jeesuksen inhimillisyyden ja&nbsp;samanaikaisen Jumaluuden. Ymm\u00e4rsin, ett\u00e4 H\u00e4n k\u00e4rsi ja kuoli ristiinnaulittuna my\u00f6s minun vuokseni.<\/p>\n\n\n\n<p>Evankeliumien, Apostolien tekojen ja muiden Uuden Testamentin kirjoitusten pohjalta saatoin vain uskoa&nbsp;todeksi Jeesuksen her\u00e4\u00e4misen kuolleista&nbsp;ja H\u00e4nen&nbsp;yl\u00f6snousemuksensa haudastaan aidoiksi historiallisiksi tapahtumiksi.<\/p>\n\n\n\n<p>T\u00e4t\u00e4 tiet\u00e4 kulkien ja sinulle siunausta toivottaen, Martti<\/p>\n\n\n\n<p><\/p>\n\n\n\n<figure class=\"wp-block-image size-full\"><img loading=\"lazy\" decoding=\"async\" width=\"121\" height=\"244\" src=\"https:\/\/euranhelluntaiseurakunta.fi\/wp-content\/uploads\/2025\/10\/Martti_Melasniemi.jpg\" alt=\"\" class=\"wp-image-1262\" srcset=\"https:\/\/euranhelluntaiseurakunta.fi\/wp-content\/uploads\/2025\/10\/Martti_Melasniemi.jpg 121w, https:\/\/euranhelluntaiseurakunta.fi\/wp-content\/uploads\/2025\/10\/Martti_Melasniemi-58x116.jpg 58w\" sizes=\"auto, (max-width: 121px) 100vw, 121px\" \/><\/figure>\n","protected":false},"excerpt":{"rendered":"<p>Olen Martti, 70v. el\u00e4kel\u00e4inen.&nbsp; Kerronpa t\u00e4ss\u00e4 lyhyesti, kuinka minusta tuli&nbsp;Jeesukseen Kristukseen uskova mies. Er\u00e4s tuttavani kertoi minulle omasta uskostaan&nbsp;Jeesukseen Kristukseen. H\u00e4n oli jo hyvin perehtynyt Raamatun sis\u00e4lt\u00f6\u00f6n ja halusi jakaa tietojaan, erityisesti Uudesta Testamentista. En tuntenut Raamattua juurikaan viel\u00e4 silloin, mutta aloin itse lukea sit\u00e4.&nbsp;Seurasi paljon kysymyksi\u00e4, paljon ep\u00e4ily\u00e4,&nbsp;mutta onneksi lopulta my\u00f6s selkeit\u00e4 vastauksia ja [&hellip;]<\/p>\n","protected":false},"author":1,"featured_media":0,"parent":0,"menu_order":0,"comment_status":"closed","ping_status":"closed","template":"","meta":{"footnotes":""},"class_list":["post-1263","page","type-page","status-publish","hentry"],"_links":{"self":[{"href":"https:\/\/euranhelluntaiseurakunta.fi\/index.php?rest_route=\/wp\/v2\/pages\/1263","targetHints":{"allow":["GET"]}}],"collection":[{"href":"https:\/\/euranhelluntaiseurakunta.fi\/index.php?rest_route=\/wp\/v2\/pages"}],"about":[{"href":"https:\/\/euranhelluntaiseurakunta.fi\/index.php?rest_route=\/wp\/v2\/types\/page"}],"author":[{"embeddable":true,"href":"https:\/\/euranhelluntaiseurakunta.fi\/index.php?rest_route=\/wp\/v2\/users\/1"}],"replies":[{"embeddable":true,"href":"https:\/\/euranhelluntaiseurakunta.fi\/index.php?rest_route=%2Fwp%2Fv2%2Fcomments&post=1263"}],"version-history":[{"count":3,"href":"https:\/\/euranhelluntaiseurakunta.fi\/index.php?rest_route=\/wp\/v2\/pages\/1263\/revisions"}],"predecessor-version":[{"id":1269,"href":"https:\/\/euranhelluntaiseurakunta.fi\/index.php?rest_route=\/wp\/v2\/pages\/1263\/revisions\/1269"}],"wp:attachment":[{"href":"https:\/\/euranhelluntaiseurakunta.fi\/index.php?rest_route=%2Fwp%2Fv2%2Fmedia&parent=1263"}],"curies":[{"name":"wp","href":"https:\/\/api.w.org\/{rel}","templated":true}]}}