{"id":1198,"date":"2025-07-31T07:50:36","date_gmt":"2025-07-31T04:50:36","guid":{"rendered":"https:\/\/euranhelluntaiseurakunta.fi\/?page_id=1198"},"modified":"2025-07-31T08:00:43","modified_gmt":"2025-07-31T05:00:43","slug":"juha-leskinen-pyorailijasta-uskovaksi","status":"publish","type":"page","link":"https:\/\/euranhelluntaiseurakunta.fi\/?page_id=1198","title":{"rendered":"Juha Leskinen &#8211; py\u00f6r\u00e4ilij\u00e4 tuli uskoon"},"content":{"rendered":"<div class=\"wp-block-image\">\n<figure class=\"aligncenter size-full is-resized\"><img loading=\"lazy\" decoding=\"async\" width=\"220\" height=\"220\" src=\"https:\/\/euranhelluntaiseurakunta.fi\/wp-content\/uploads\/2025\/07\/Juha_Leskinen.png\" alt=\"\" class=\"wp-image-1179\" style=\"width:91px;height:auto\" srcset=\"https:\/\/euranhelluntaiseurakunta.fi\/wp-content\/uploads\/2025\/07\/Juha_Leskinen.png 220w, https:\/\/euranhelluntaiseurakunta.fi\/wp-content\/uploads\/2025\/07\/Juha_Leskinen-150x150.png 150w, https:\/\/euranhelluntaiseurakunta.fi\/wp-content\/uploads\/2025\/07\/Juha_Leskinen-70x70.png 70w, https:\/\/euranhelluntaiseurakunta.fi\/wp-content\/uploads\/2025\/07\/Juha_Leskinen-127x127.png 127w, https:\/\/euranhelluntaiseurakunta.fi\/wp-content\/uploads\/2025\/07\/Juha_Leskinen-125x125.png 125w, https:\/\/euranhelluntaiseurakunta.fi\/wp-content\/uploads\/2025\/07\/Juha_Leskinen-116x116.png 116w\" sizes=\"auto, (max-width: 220px) 100vw, 220px\" \/><\/figure>\n<\/div>\n\n\n<p><strong>Koin valtavaa yksin\u00e4isyytt\u00e4 tullessani er\u00e4\u00e4n\u00e4 iltana ravintolasta kotiin. Olin 22-vuotias, ja tajusin, ett\u00e4 ellei el\u00e4m\u00e4ni muutu, se alkaa menn\u00e4 entist\u00e4 huonompaan suuntaan. Rukoilin ensimm\u00e4isen kerran tosissani: \u201dJos on olemassa joku jumala, niin pelasta minut\u201d. Ymm\u00e4rsin, ett\u00e4 on olemassa joku ihmisi\u00e4 korkeampi olento, mutta en tiennyt, onko se Raamatun Jumala vai joku muu.&nbsp;<\/strong><\/p>\n\n\n\n<p>Harrastin nuorena kilpapy\u00f6r\u00e4ily\u00e4. Vuonna 1982 voitin Suomen py\u00f6r\u00e4ilyliiton miesten maantieajon mestaruuden. Lis\u00e4ksi saimme kolmen miehen joukkueena hopeamitalin ja kaksi pronssimitalia py\u00f6r\u00e4ilyn suomenmestaruuskisoissa.&nbsp;<\/p>\n\n\n\n<p>Ensimm\u00e4isen kosketuksen hengellisiin asioihin sain 16-vuotiaana. Menin uskovan veljeni ja h\u00e4nen vaimonsa kanssa hengelliseen tilaisuuteen, jossa koin Jumalan kutsuvan minua pelastukseen. En kuitenkaan viel\u00e4 antanut el\u00e4m\u00e4\u00e4ni Jeesukselle, mink\u00e4 tajusin my\u00f6hemmin suureksi virheeksi. Alkoholin k\u00e4ytt\u00f6ni alkoi nimitt\u00e4in lis\u00e4\u00e4nty\u00e4, ja jouduin v\u00e4hitellen ravintolakierteeseen, joka haittasi jonkin verran kilpapy\u00f6r\u00e4ily\u00e4ni. En ollut kiinnostunut opiskelusta, mutta sain kuitenkin suoritettua ammattikoulun ja p\u00e4\u00e4sin t\u00f6ihin.&nbsp;<\/p>\n\n\n\n<p>Er\u00e4\u00e4n\u00e4 perjantai-iltana, pian ensimm\u00e4isen rukoukseni j\u00e4lkeen, uskova sisareni kutsui tytt\u00f6yst\u00e4v\u00e4ni Aulin ja minut seurakuntaan katsomaan elokuvaa \u201dKuin varas y\u00f6ll\u00e4\u201d. Elokuvan loputtua ihmisi\u00e4 kutsuttiin rukoiltavaksi salin etuosaan. Tunsin valtavan voimakasta, suorastaan yliluonnollista vetoa menn\u00e4 etuosaan ja ottaa Jeesus vastaan. Toisaalta pelk\u00e4sin h\u00e4pe\u00e4\u00e4. Kuulin kun joku kysyi takanani: \u201dHaluatko l\u00e4hte\u00e4 aivan erilaiselle tielle kuin ennen?\u201d. K\u00e4\u00e4nnyin katsomaan, kuka puhui, mutta takanani ei ollut ket\u00e4\u00e4n, koska istuimme viimeisess\u00e4 riviss\u00e4. Ymm\u00e4rsin sen olleen Jumalan puhetta ja l\u00e4hdin k\u00e4velem\u00e4\u00e4n salin etuosaan, jossa minun puolestani rukoiltiin.&nbsp;<\/p>\n\n\n\n<p>Muutuin ik\u00e4\u00e4n kuin toiseksi mieheksi sekunnin sadasosassa! Olin ollut kova kiroilemaan, mutta kiroileminen j\u00e4i heti pois, samoin alkoholin himo. Tunsin vapautuvani kaikesta synnist\u00e4, ja minut valtasi ilo. Aloin k\u00e4yd\u00e4 seurakunnassa, rukoilla ja lukea Raamattua. Suhtautumiseni tulevaisuuteen muuttui. Olimme tulleet Aulin kanssa uskoon samana iltana, ja niinp\u00e4 menimme pian kihloihin ja runsaan vuoden kuluttua naimisiin. My\u00f6s opiskeluni teknillisess\u00e4 koulussa alkoi kiinnostaa entist\u00e4 enemm\u00e4n. Jatkoin kilpapy\u00f6r\u00e4ily\u00e4 viel\u00e4 muutamia kuukausia, mutta p\u00e4\u00e4tin lopettaa sen, koska siit\u00e4 oli kunnianhimo kadonnut.&nbsp;<\/p>\n\n\n\n<p>Halusin kertoa uskoontulostani yst\u00e4villeni ja p\u00e4\u00e4tin puhua ensiksi punttisalikaverilleni. Kuultuaan uskoontulokertomukseni h\u00e4n oli p\u00e4\u00e4tt\u00e4nyt antaa el\u00e4m\u00e4ns\u00e4 uudelleen Jeesukselle!&nbsp;<\/p>\n\n\n\n<p>Vaikka el\u00e4m\u00e4ni ei ole ollut helppoa, Jumala on ollut uskollinen. Olin ty\u00f6tt\u00f6m\u00e4n\u00e4 pitk\u00e4n aikaa. Se kasvatti minua ihmisen\u00e4, ja olen oppinut ymm\u00e4rt\u00e4m\u00e4\u00e4n my\u00f6s el\u00e4m\u00e4ss\u00e4\u00e4n ep\u00e4onnistuneita. Luottamukseni Jumalaan on kasvanut vuosien aikana. Tied\u00e4n, ett\u00e4 h\u00e4n ei j\u00e4t\u00e4 minua yksin vaikeissakaan tilanteissa.&nbsp;<\/p>\n","protected":false},"excerpt":{"rendered":"<p>Koin valtavaa yksin\u00e4isyytt\u00e4 tullessani er\u00e4\u00e4n\u00e4 iltana ravintolasta kotiin. Olin 22-vuotias, ja tajusin, ett\u00e4 ellei el\u00e4m\u00e4ni muutu, se alkaa menn\u00e4 entist\u00e4 huonompaan suuntaan. Rukoilin ensimm\u00e4isen kerran tosissani: \u201dJos on olemassa joku jumala, niin pelasta minut\u201d. Ymm\u00e4rsin, ett\u00e4 on olemassa joku ihmisi\u00e4 korkeampi olento, mutta en tiennyt, onko se Raamatun Jumala vai joku muu.&nbsp; Harrastin nuorena kilpapy\u00f6r\u00e4ily\u00e4. [&hellip;]<\/p>\n","protected":false},"author":1,"featured_media":0,"parent":0,"menu_order":0,"comment_status":"closed","ping_status":"closed","template":"","meta":{"footnotes":""},"class_list":["post-1198","page","type-page","status-publish","hentry"],"_links":{"self":[{"href":"https:\/\/euranhelluntaiseurakunta.fi\/index.php?rest_route=\/wp\/v2\/pages\/1198","targetHints":{"allow":["GET"]}}],"collection":[{"href":"https:\/\/euranhelluntaiseurakunta.fi\/index.php?rest_route=\/wp\/v2\/pages"}],"about":[{"href":"https:\/\/euranhelluntaiseurakunta.fi\/index.php?rest_route=\/wp\/v2\/types\/page"}],"author":[{"embeddable":true,"href":"https:\/\/euranhelluntaiseurakunta.fi\/index.php?rest_route=\/wp\/v2\/users\/1"}],"replies":[{"embeddable":true,"href":"https:\/\/euranhelluntaiseurakunta.fi\/index.php?rest_route=%2Fwp%2Fv2%2Fcomments&post=1198"}],"version-history":[{"count":2,"href":"https:\/\/euranhelluntaiseurakunta.fi\/index.php?rest_route=\/wp\/v2\/pages\/1198\/revisions"}],"predecessor-version":[{"id":1205,"href":"https:\/\/euranhelluntaiseurakunta.fi\/index.php?rest_route=\/wp\/v2\/pages\/1198\/revisions\/1205"}],"wp:attachment":[{"href":"https:\/\/euranhelluntaiseurakunta.fi\/index.php?rest_route=%2Fwp%2Fv2%2Fmedia&parent=1198"}],"curies":[{"name":"wp","href":"https:\/\/api.w.org\/{rel}","templated":true}]}}