{"id":109,"date":"2019-06-21T10:29:18","date_gmt":"2019-06-21T07:29:18","guid":{"rendered":"http:\/\/wordpress.euranhelluntaiseurakunta.fi\/?page_id=109"},"modified":"2026-05-13T07:38:04","modified_gmt":"2026-05-13T04:38:04","slug":"paivan-sana","status":"publish","type":"page","link":"https:\/\/euranhelluntaiseurakunta.fi\/?page_id=109","title":{"rendered":"P\u00e4iv\u00e4n Sana"},"content":{"rendered":"\n<p class=\"has-text-align-left\">Kristillinen seurakunta alkoi nykymuodossaan ensimm\u00e4isen\u00e4 helluntaina. <\/p>\n\n\n\n<p>Tapahtuma oli luvattu &#8211; Jeesus opetti ja puhui tulevasta kolmen ja puolen vuoden ajan opetuslasten kanssa. Koko Jeesuksen el\u00e4m\u00e4 oli Vanhan Testamentin ennustusten toteuttamista h\u00e4nen syntym\u00e4st\u00e4\u00e4n kuolemaan ja yl\u00f6snousemiseen asti. H\u00e4n l\u00e4hetti viel\u00e4 ensimm\u00e4isen\u00e4 helluntaina Pyh\u00e4n Hengen, joka oli luvattu mm. Jeremian kirjassa (Jeremia 31:33). <\/p>\n\n\n\n<p>Vanhan liiton jumalanpalvelus perustui s\u00e4\u00e4nn\u00f6sten t\u00e4ytt\u00e4miseen &#8211; uudem liiton palvelus on kirjoitettu ihmisten syd\u00e4miin. Pyh\u00e4 Henki muuttaa ihmisen syd\u00e4men uudestisyntymisess\u00e4 ja tekee h\u00e4net kelvolliseksi palvelemaan Jumalaa, N\u00e4in Uuden Testamen mukaan he palvelevat Jumalaa &#8221;Hengen uudessa tilassa, eik\u00e4 kirjaimen vanhassa&#8221; (Room 7:6).<\/p>\n\n\n\n<p>Ensimm\u00e4isen\u00e4 helluntaina Jerusalemissa olevat ihmiset ihmetteliv\u00e4t, mit\u00e4 on tapahtunut. Toiset pilkkasivat, toiset ihmetteliv\u00e4t. T\u00e4h\u00e4n Pietari vastasi, ett\u00e4 tapahtumat ovat sen mukaisia, mit\u00e4 on puhuttu profeetta Jooelin kautta: &#8221;Ja on tapahtuva viimeisin\u00e4 p\u00e4ivin\u00e4, sanoo Jumala, ett\u00e4 min\u00e4 vuodatan Henkeni kaiken lihan p\u00e4\u00e4lle, ja teid\u00e4n poikanne ja tytt\u00e4renne ennustavat, ja nuorukaisenne n\u00e4kyj\u00e4 n\u00e4kev\u00e4t, ja vanhuksenne unia uneksuvat.\u00a0<br>Ja my\u00f6s palvelijaini ja palvelijattarieni p\u00e4\u00e4lle min\u00e4 niin\u00e4 p\u00e4ivin\u00e4 vuodatan Henkeni, ja he ennustavat&#8230;\u00a0 Ja on tapahtuva, ett\u00e4 jokainen, joka huutaa avuksi Herran nime\u00e4, pelastuu.&#8221; (Apt 2:17-21)<\/p>\n\n\n\n<p><\/p>\n\n\n\n<p><\/p>\n","protected":false},"excerpt":{"rendered":"<p>Kristillinen seurakunta alkoi nykymuodossaan ensimm\u00e4isen\u00e4 helluntaina. Tapahtuma oli luvattu &#8211; Jeesus opetti ja puhui tulevasta kolmen ja puolen vuoden ajan opetuslasten kanssa. Koko Jeesuksen el\u00e4m\u00e4 oli Vanhan Testamentin ennustusten toteuttamista h\u00e4nen syntym\u00e4st\u00e4\u00e4n kuolemaan ja yl\u00f6snousemiseen asti. H\u00e4n l\u00e4hetti viel\u00e4 ensimm\u00e4isen\u00e4 helluntaina Pyh\u00e4n Hengen, joka oli luvattu mm. Jeremian kirjassa (Jeremia 31:33). Vanhan liiton jumalanpalvelus perustui [&hellip;]<\/p>\n","protected":false},"author":1,"featured_media":0,"parent":0,"menu_order":0,"comment_status":"closed","ping_status":"closed","template":"","meta":{"footnotes":""},"class_list":["post-109","page","type-page","status-publish","hentry"],"_links":{"self":[{"href":"https:\/\/euranhelluntaiseurakunta.fi\/index.php?rest_route=\/wp\/v2\/pages\/109","targetHints":{"allow":["GET"]}}],"collection":[{"href":"https:\/\/euranhelluntaiseurakunta.fi\/index.php?rest_route=\/wp\/v2\/pages"}],"about":[{"href":"https:\/\/euranhelluntaiseurakunta.fi\/index.php?rest_route=\/wp\/v2\/types\/page"}],"author":[{"embeddable":true,"href":"https:\/\/euranhelluntaiseurakunta.fi\/index.php?rest_route=\/wp\/v2\/users\/1"}],"replies":[{"embeddable":true,"href":"https:\/\/euranhelluntaiseurakunta.fi\/index.php?rest_route=%2Fwp%2Fv2%2Fcomments&post=109"}],"version-history":[{"count":15,"href":"https:\/\/euranhelluntaiseurakunta.fi\/index.php?rest_route=\/wp\/v2\/pages\/109\/revisions"}],"predecessor-version":[{"id":1441,"href":"https:\/\/euranhelluntaiseurakunta.fi\/index.php?rest_route=\/wp\/v2\/pages\/109\/revisions\/1441"}],"wp:attachment":[{"href":"https:\/\/euranhelluntaiseurakunta.fi\/index.php?rest_route=%2Fwp%2Fv2%2Fmedia&parent=109"}],"curies":[{"name":"wp","href":"https:\/\/api.w.org\/{rel}","templated":true}]}}